{"id":42,"date":"2023-11-01T23:12:21","date_gmt":"2023-11-01T22:12:21","guid":{"rendered":"https:\/\/afriperles.com\/?post_type=product&#038;p=42"},"modified":"2023-11-01T23:15:15","modified_gmt":"2023-11-01T22:15:15","slug":"collier-sautoir-princesse-fonctionnaire","status":"publish","type":"product","link":"https:\/\/afriperles.com\/index.php\/product\/collier-sautoir-princesse-fonctionnaire\/","title":{"rendered":"Collier sautoir  &#8220;princesse fonctionnaire&#8221;"},"content":{"rendered":"\n<p>Confectionn\u00e9 \u00e0 partir de 3 types de perles rondes diff\u00e9rentes en rapport avec la couleur verte et la m\u00e9daille faite avec une perle plate &#8220;Akan&#8221; perfor\u00e9e ainsi que de petites\u00a0 perles en pierre de couleur verte.<\/p>\n","protected":false},"excerpt":{"rendered":"<p>Confectionn\u00e9 \u00e0 partir de 3 types de perles rondes diff\u00e9rentes en rapport avec la couleur verte et la m\u00e9daille faite avec une perle plate &#8220;Akan&#8221; perfor\u00e9e ainsi que de petites\u00a0 perles en pierre de couleur verte.<\/p>\n","protected":false},"featured_media":43,"comment_status":"open","ping_status":"closed","template":"","meta":{"om_disable_all_campaigns":false,"_monsterinsights_skip_tracking":false,"_monsterinsights_sitenote_active":false,"_monsterinsights_sitenote_note":"","_monsterinsights_sitenote_category":0,"_uf_show_specific_survey":0,"_uf_disable_surveys":false},"product_cat":[18],"product_tag":[],"aioseo_notices":[],"jetpack_sharing_enabled":true,"_links":{"self":[{"href":"https:\/\/afriperles.com\/index.php\/wp-json\/wp\/v2\/product\/42"}],"collection":[{"href":"https:\/\/afriperles.com\/index.php\/wp-json\/wp\/v2\/product"}],"about":[{"href":"https:\/\/afriperles.com\/index.php\/wp-json\/wp\/v2\/types\/product"}],"replies":[{"embeddable":true,"href":"https:\/\/afriperles.com\/index.php\/wp-json\/wp\/v2\/comments?post=42"}],"wp:featuredmedia":[{"embeddable":true,"href":"https:\/\/afriperles.com\/index.php\/wp-json\/wp\/v2\/media\/43"}],"wp:attachment":[{"href":"https:\/\/afriperles.com\/index.php\/wp-json\/wp\/v2\/media?parent=42"}],"wp:term":[{"taxonomy":"product_cat","embeddable":true,"href":"https:\/\/afriperles.com\/index.php\/wp-json\/wp\/v2\/product_cat?post=42"},{"taxonomy":"product_tag","embeddable":true,"href":"https:\/\/afriperles.com\/index.php\/wp-json\/wp\/v2\/product_tag?post=42"}],"curies":[{"name":"wp","href":"https:\/\/api.w.org\/{rel}","templated":true}]}}